{"id":368,"date":"2020-12-10T11:20:46","date_gmt":"2020-12-10T16:20:46","guid":{"rendered":"http:\/\/localhost\/WP_pr1\/?page_id=368"},"modified":"2021-01-12T09:53:10","modified_gmt":"2021-01-12T14:53:10","slug":"sables","status":"publish","type":"page","link":"https:\/\/fatimazmeftah.com\/inescuisine\/sables\/","title":{"rendered":"Sabl\u00e9s"},"content":{"rendered":"<h2>les sabl\u00e9s<\/h2>\n<p>\t\t\t\t\t\t\tSabl\u00e9s prestiges <\/p>\n<figure><img decoding=\"async\" src=\"https:\/\/fatimazmeftah.com\/inescuisine\/wp-content\/uploads\/elementor\/thumbs\/toutChocolat1-p0vs5ykf7od45e4xocseyvh7swp7cdlg90hgxraa3w.jpg\" title=\"toutChocolat\" alt=\"Ines cuisine\" \/><\/figure>\n<h3>Double Chocolat<\/h3>\n<p>20$\/kg<\/p>\n<figure><img decoding=\"async\" src=\"https:\/\/fatimazmeftah.com\/inescuisine\/wp-content\/uploads\/elementor\/thumbs\/IMG_20180527_151401_092-p0vs4qe0agomzpx3uboy7omjvsqyalq2extndr3s8c.jpg\" title=\"fatima cuisine\" alt=\"fatima cuisine\" \/><\/figure>\n<h3>C\u0153urs  2 chocolats<\/h3>\n<p>20$\/kg<\/p>\n<figure><img decoding=\"async\" src=\"https:\/\/fatimazmeftah.com\/inescuisine\/wp-content\/uploads\/elementor\/thumbs\/terbouche-p0vs5tv89i6ojcbrfsra4enwtzcd9w2skd81jdh8z0.jpg\" title=\"terbouche\" alt=\"ines cuisine\" \/><\/figure>\n<h3>Terbouche<\/h3>\n<p>20$\/kg<\/p>\n<figure><img decoding=\"async\" src=\"https:\/\/fatimazmeftah.com\/inescuisine\/wp-content\/uploads\/elementor\/thumbs\/ghribia-scaled-p0vs4jt4ymfmqg6nwquk88abq3ndspzy21990tdjfw.jpg\" title=\"ghribia\" alt=\"ghribia\" \/><\/figure>\n<h3>Ghribia noix de coco<\/h3>\n<p>18$\/kg<\/p>\n<figure><img decoding=\"async\" src=\"https:\/\/fatimazmeftah.com\/inescuisine\/wp-content\/uploads\/elementor\/thumbs\/labeille-p0vs54hl4z7xtvcmjzscr32gsktgi2a1gvlxkwivn0.jpg\" title=\"l&#8217;abeille\" alt=\"ines cuisine\" \/><\/figure>\n<h3>L&rsquo;abeille<\/h3>\n<p>19$\/kg<\/p>\n<figure><img decoding=\"async\" src=\"https:\/\/fatimazmeftah.com\/inescuisine\/wp-content\/uploads\/elementor\/thumbs\/l.abricot-p0vs51o2kh42v1gq0gkh1ls30f7cuyyughnh52n25o.jpg\" title=\"l&#8217;abricot\" alt=\"ines cuisine\" \/><\/figure>\n<h3>L&rsquo;abricot<\/h3>\n<p>19$\/kg<\/p>\n<figure><img decoding=\"async\" src=\"https:\/\/fatimazmeftah.com\/inescuisine\/wp-content\/uploads\/elementor\/thumbs\/alfMabrouk-p0wbqkd2aswz6enp9xal22iagzsfcctwghilquk5v0.jpg\" title=\"alfMabrouk\" alt=\"ines cuisine\" \/><\/figure>\n<h3>Alf mabrouk<\/h3>\n<p>20$\/kg<\/p>\n<figure><img decoding=\"async\" src=\"https:\/\/fatimazmeftah.com\/inescuisine\/wp-content\/uploads\/elementor\/thumbs\/Aid-p0wc01kh7nw28uw2xis5p6em3v2nyhggrebuyai94c.jpg\" title=\"Aid\" alt=\"ines cuisine\" \/><\/figure>\n<h3>Aid Said<\/h3>\n<p>20$\/kg<\/p>\n<figure><img decoding=\"async\" src=\"https:\/\/fatimazmeftah.com\/inescuisine\/wp-content\/uploads\/elementor\/thumbs\/Sabha-p0wc8qkqfhsjn09f5s2x9hf3x67w5oz2yfkjrfm5kc.jpg\" title=\"Sabha\" alt=\"ines cuisine\" \/><\/figure>\n<h3>Sabha<\/h3>\n<p>20$\/kg<\/p>\n<p>\t\t\t\t\t\t\tSabl\u00e9s simples<\/p>\n<figure><img decoding=\"async\" src=\"https:\/\/fatimazmeftah.com\/inescuisine\/wp-content\/uploads\/elementor\/thumbs\/tigre-scaled-p0vs5woqu0aji67nzbz5tvyam4ygwzdzkr6hz7d2gc.jpg\" title=\"tigr\u00e9\" alt=\"tigr\u00e9\" \/><\/figure>\n<h3>Le tigr\u00e9<\/h3>\n<p>18$\/kg<\/p>\n<figure><img decoding=\"async\" src=\"https:\/\/fatimazmeftah.com\/inescuisine\/wp-content\/uploads\/elementor\/thumbs\/la-couronne-scaled-p0vs53jqy56ni9dzphdq6lb076y3ad6b4qyg3mk9t8.jpg\" title=\"la couronne\" alt=\"ines cuisine\" \/><\/figure>\n<h3>La couronne <\/h3>\n<p>16$\/kg<\/p>\n<figure><img decoding=\"async\" src=\"https:\/\/fatimazmeftah.com\/inescuisine\/wp-content\/uploads\/elementor\/thumbs\/biscuits-aux-bimo-p0vs3fe2sqwav7tdgrdlr0hi6j6llqjhkh7ddx1gvg.jpg\" title=\"biscuits aux bimo\" alt=\"ines cuisine\" \/><\/figure>\n<h3>Biscuits au bimo<\/h3>\n<p>18$\/kg<\/p>\n<figure><img decoding=\"async\" src=\"https:\/\/fatimazmeftah.com\/inescuisine\/wp-content\/uploads\/elementor\/thumbs\/sable-aux-dattes-p0wcun7bphs47ufw8qywvgeubg8ujqxvmuwxel4ujw.jpg\" title=\"sabl\u00e9 aux dattes\" alt=\"ines cuisine\" \/><\/figure>\n<h3>Sabl\u00e9 aux dattes<\/h3>\n<p>18$\/kg<\/p>\n<figure><img decoding=\"async\" src=\"https:\/\/fatimazmeftah.com\/inescuisine\/wp-content\/uploads\/elementor\/thumbs\/maamoul-rotated-p0vs5b2ggtgy3532hkmqqjeoy9x0zy05ts6bxu94fg.jpg\" title=\"maamoul\" alt=\"ines cuisine\" \/><\/figure>\n<h3>Maamoul<\/h3>\n<p>18$\/kg<\/p>\n<figure><img decoding=\"async\" src=\"https:\/\/fatimazmeftah.com\/inescuisine\/wp-content\/uploads\/elementor\/thumbs\/cookies-4610859_1280-p0vs3lyy4l5b4hjtec7zqgtqc8a63m9lxdrrqurpnw.jpg\" title=\"classique\" alt=\"ines cuisine\" \/><\/figure>\n<h3>Le classique<\/h3>\n<p>16$\/kg<\/p>\n<p>\t\t\t\t\t\t\tSabl\u00e9s Naissance <\/p>\n<figure><img decoding=\"async\" src=\"https:\/\/fatimazmeftah.com\/inescuisine\/wp-content\/uploads\/elementor\/thumbs\/Naissance_fille-p0w1nk2wx5zhfry3ziggm68rkz0bogpq7riykusmuk.jpg\" title=\"Naissance_fille\" alt=\"ines cuisine\" \/><\/figure>\n<h3>Sabl\u00e9 naissance fille<\/h3>\n<p>20$\/kg<\/p>\n<figure><img decoding=\"async\" src=\"https:\/\/fatimazmeftah.com\/inescuisine\/wp-content\/uploads\/elementor\/thumbs\/cheval_nassance-p0w1tsqcakj0ikvsjpkao3jxk291s4hkqng09zjjjg.jpg\" title=\"cheval_nassance\" alt=\"cheval_nassance\" \/><\/figure>\n<figure><img decoding=\"async\" src=\"https:\/\/fatimazmeftah.com\/inescuisine\/wp-content\/uploads\/elementor\/thumbs\/Naissance_garcon-p0w1unr0k3ph5pmqikyzgdq55s05u4wpuwz1449ju4.jpg\" title=\"Naissance_garcon\" alt=\"ines cuisine\" \/><\/figure>\n<h3>Sabl\u00e9 naissance gar\u00e7on<\/h3>\n<p>20$\/kg<\/p>\n<h3>Pr\u00eat \u00e0 commander!<br \/>\n<\/h3>\n<p>Si vous avez fait votre choix et \u00eates pr\u00eat \u00e0 commander, contactez nous par t\u00e9l\u00e9phone, ou courriel, ou bien cliquer sur le bouton \u00e0 droite pour remplir les formulaires et nous faire parvenir votre commande.<\/p>\n<p>\t\t\t<a href=\"https:\/\/fatimazmeftah.com\/inescuisine\/contact\/\" role=\"button\"><br \/>\n\t\t\t\t\t\tCommander<br \/>\n\t\t\t\t\t<\/a><\/p>\n<h5>Contact<br \/>\n<\/h5>\n<ul>\n<li>\n\t\t\t\t\t\t\t\t\t\t Montreal, QC\n\t\t\t\t\t\t\t\t\t<\/li>\n<li>\n\t\t\t\t\t\t\t\t\t\t+1 555 555 5555\n\t\t\t\t\t\t\t\t\t<\/li>\n<li>\n\t\t\t\t\t\t\t\t\t\tinescuisine@fatimazmeftah.com\n\t\t\t\t\t\t\t\t\t<\/li>\n<\/ul>\n<p>\t\t\t\t\t<a href=\"https:\/\/www.facebook.com\/Les-gourmandises-dInes-2017614861818650\/\" target=\"_blank\" rel=\"noopener\"><br \/>\n\t\t\t\t\t\tFacebook<br \/>\n\t\t\t\t\t\t\t\t\t\t\t<\/a><br \/>\n\t\t\t\t\t<a href=\"https:\/\/www.instagram.com\/lesgourmandisesdines\/\" target=\"_blank\" rel=\"noopener\"><br \/>\n\t\t\t\t\t\tInstagram<br \/>\n\t\t\t\t\t\t\t\t\t\t\t<\/a><br \/>\n\t\t\t\t\t<a target=\"_blank\" rel=\"noopener\"><br \/>\n\t\t\t\t\t\tPinterest<br \/>\n\t\t\t\t\t\t\t\t\t\t\t<\/a><\/p>\n","protected":false},"excerpt":{"rendered":"<p>les sabl\u00e9s Sabl\u00e9s prestiges Double Chocolat 20$\/kg C\u0153urs 2 chocolats 20$\/kg Terbouche 20$\/kg Ghribia noix de coco 18$\/kg L&rsquo;abeille 19$\/kg L&rsquo;abricot 19$\/kg Alf mabrouk 20$\/kg Aid Said 20$\/kg Sabha 20$\/kg Sabl\u00e9s simples Le tigr\u00e9 18$\/kg La couronne 16$\/kg Biscuits au bimo 18$\/kg Sabl\u00e9 aux dattes 18$\/kg Maamoul 18$\/kg Le classique 16$\/kg Sabl\u00e9s Naissance Sabl\u00e9 naissance &hellip;<\/p>\n<p class=\"read-more\"> <a class=\"\" href=\"https:\/\/fatimazmeftah.com\/inescuisine\/sables\/\"> <span class=\"screen-reader-text\">Sabl\u00e9s<\/span> Lire la suite\u00a0\u00bb<\/a><\/p>\n","protected":false},"author":1,"featured_media":0,"parent":0,"menu_order":0,"comment_status":"closed","ping_status":"closed","template":"","meta":{"footnotes":""},"class_list":["post-368","page","type-page","status-publish","hentry"],"jetpack_sharing_enabled":true,"_links":{"self":[{"href":"https:\/\/fatimazmeftah.com\/inescuisine\/wp-json\/wp\/v2\/pages\/368","targetHints":{"allow":["GET"]}}],"collection":[{"href":"https:\/\/fatimazmeftah.com\/inescuisine\/wp-json\/wp\/v2\/pages"}],"about":[{"href":"https:\/\/fatimazmeftah.com\/inescuisine\/wp-json\/wp\/v2\/types\/page"}],"author":[{"embeddable":true,"href":"https:\/\/fatimazmeftah.com\/inescuisine\/wp-json\/wp\/v2\/users\/1"}],"replies":[{"embeddable":true,"href":"https:\/\/fatimazmeftah.com\/inescuisine\/wp-json\/wp\/v2\/comments?post=368"}],"version-history":[{"count":5,"href":"https:\/\/fatimazmeftah.com\/inescuisine\/wp-json\/wp\/v2\/pages\/368\/revisions"}],"predecessor-version":[{"id":1344,"href":"https:\/\/fatimazmeftah.com\/inescuisine\/wp-json\/wp\/v2\/pages\/368\/revisions\/1344"}],"wp:attachment":[{"href":"https:\/\/fatimazmeftah.com\/inescuisine\/wp-json\/wp\/v2\/media?parent=368"}],"curies":[{"name":"wp","href":"https:\/\/api.w.org\/{rel}","templated":true}]}}