{"id":943,"date":"2020-12-28T20:49:20","date_gmt":"2020-12-29T01:49:20","guid":{"rendered":"http:\/\/localhost\/WP_pr1\/?page_id=943"},"modified":"2021-01-12T09:52:13","modified_gmt":"2021-01-12T14:52:13","slug":"gateaux-orientaux","status":"publish","type":"page","link":"https:\/\/fatimazmeftah.com\/inescuisine\/gateaux-orientaux\/","title":{"rendered":"G\u00e2teaux orientaux"},"content":{"rendered":"<h2>G\u00e2teaux orientaux<\/h2>\n<figure><img decoding=\"async\" src=\"https:\/\/fatimazmeftah.com\/inescuisine\/wp-content\/uploads\/elementor\/thumbs\/kekaates-p0vs50q8dn2sjfi35y5uh40mf1bzn9v44czznsogbw.jpg\" title=\"kekaates\" alt=\"ines cuisine\" \/><\/figure>\n<h3>kekaates msakrine<\/h3>\n<p>25$\/kg<\/p>\n<figure><img decoding=\"async\" src=\"https:\/\/fatimazmeftah.com\/inescuisine\/wp-content\/uploads\/elementor\/thumbs\/tcharek-scaled-p0vs5r1pp02tkifuw9jeexdj1tq9msrljz9l3jlfho.jpg\" title=\"tcharek\" alt=\"tcharek\" \/><\/figure>\n<h3>Tcharek msakar<\/h3>\n<p>25$\/kg<\/p>\n<figure><img decoding=\"async\" src=\"https:\/\/fatimazmeftah.com\/inescuisine\/wp-content\/uploads\/elementor\/thumbs\/baklawa-scaled-p0vs3ckk88sfwdxgx85q1j74edkhyn8ak38wy35ne4.jpg\" title=\"baklawa\" alt=\"baklawa\" \/><\/figure>\n<h3>Baklawa<\/h3>\n<p>25$\/kg<\/p>\n<figure><img decoding=\"async\" src=\"https:\/\/fatimazmeftah.com\/inescuisine\/wp-content\/uploads\/elementor\/thumbs\/makrout-scaled-p0vs5dvz1bkt1yyz13umg0p2qfj4n1bcu64sdo4xws.jpg\" title=\"makrout\" alt=\"ines cuisine\" \/><\/figure>\n<h3>Makrout<\/h3>\n<p>18$\/kg<\/p>\n<figure><img decoding=\"async\" src=\"https:\/\/fatimazmeftah.com\/inescuisine\/wp-content\/uploads\/elementor\/thumbs\/leventail-p0vs588xwbd34b75y1ev124b64axcuoyte7vi0day4.jpg\" title=\"l&#8217;eventail\" alt=\"l'eventail\" \/><\/figure>\n<h3>L&rsquo;\u00e9ventail <\/h3>\n<p>25$\/kg<\/p>\n<figure><img decoding=\"async\" src=\"https:\/\/fatimazmeftah.com\/inescuisine\/wp-content\/uploads\/elementor\/thumbs\/AArayache-scaled-p0vs328c52eacochllots3t1v4zglz38uo2ko1kzak.jpg\" title=\"AArayache\" alt=\"ines cuisine\" \/><\/figure>\n<h3>Arayaches<\/h3>\n<p>25$\/kg<\/p>\n<figure><img decoding=\"async\" src=\"https:\/\/fatimazmeftah.com\/inescuisine\/wp-content\/uploads\/elementor\/thumbs\/Les-cornets-scaled-p0vs57b3phbssp8j3j08gkcukqfk55l8h9ke0qep4c.jpg\" title=\"Les cornets\" alt=\"Les cornets\" \/><\/figure>\n<h3>les cornets <\/h3>\n<p>22$\/kg<\/p>\n<figure><img decoding=\"async\" src=\"https:\/\/fatimazmeftah.com\/inescuisine\/wp-content\/uploads\/elementor\/thumbs\/kefta-scaled-p0vs4wyvmaxn8znjrwjc74ys1huishg6rue1qou10s.jpg\" title=\"kefta\" alt=\"ines cuisine\" \/><\/figure>\n<h3>Kefta<\/h3>\n<p>25$\/kg<\/p>\n<figure><img decoding=\"async\" src=\"https:\/\/fatimazmeftah.com\/inescuisine\/wp-content\/uploads\/elementor\/thumbs\/mkahbez-scaled-p0vs5hnbsnpycetif5h4pzqx3z0lhtqa6oqqarzd7w.jpg\" title=\"mkahbez\" alt=\"ines cuisine\" \/><\/figure>\n<h3>Mkhabez<\/h3>\n<p>22$\/kg<\/p>\n<figure><img decoding=\"async\" src=\"https:\/\/fatimazmeftah.com\/inescuisine\/wp-content\/uploads\/elementor\/thumbs\/skandraniettes-p0vs5nacxnxoa2lbi7ww4ybooa8ss0co7gnn6fr06k.jpg\" title=\"skandraniettes\" alt=\"ines cuisine\" \/><\/figure>\n<h3>Skandraniette<\/h3>\n<p>25$\/kg<\/p>\n<figure><img decoding=\"async\" src=\"https:\/\/fatimazmeftah.com\/inescuisine\/wp-content\/uploads\/elementor\/thumbs\/tcharek-aryane-p0vs5q3vi61j8wh81r4rufm2gfuwf3nv7um3m9mtnw.jpeg\" title=\"tcharek aryane\" alt=\"ines cuisine\" \/><\/figure>\n<h3>tcharek aryane<\/h3>\n<p>25$\/kg<\/p>\n<figure><img decoding=\"async\" src=\"https:\/\/fatimazmeftah.com\/inescuisine\/wp-content\/uploads\/elementor\/thumbs\/arayaches-dores-p0vs37vda2m0ac4aoo4l72dtfg7nw5pmvfzhjpcm98.jpg\" title=\"arayaches dor\u00e9s\" alt=\"arayaches dor\u00e9s\" \/><\/figure>\n<h3>arayaches dor\u00e9s <\/h3>\n<p>25$\/kg<\/p>\n<h3>Pr\u00eat \u00e0 commander!<br \/>\n<\/h3>\n<p>Si vous avez fait votre choix et \u00eates pr\u00eat \u00e0 commander, contactez nous par t\u00e9l\u00e9phone, ou courriel, ou bien cliquer sur le bouton \u00e0 droite pour remplir le formulaire et nous faire parvenir votre commande.<\/p>\n<p>\t\t\t<a href=\"https:\/\/fatimazmeftah.com\/inescuisine\/contact\/\" role=\"button\"><br \/>\n\t\t\t\t\t\tCommander<br \/>\n\t\t\t\t\t<\/a><\/p>\n<h5>Contact<br \/>\n<\/h5>\n<ul>\n<li>\n\t\t\t\t\t\t\t\t\t\t Montreal, QC\n\t\t\t\t\t\t\t\t\t<\/li>\n<li>\n\t\t\t\t\t\t\t\t\t\t+1 555 555 5555\n\t\t\t\t\t\t\t\t\t<\/li>\n<li>\n\t\t\t\t\t\t\t\t\t\tinescuisine@fatimazmeftah.com\n\t\t\t\t\t\t\t\t\t<\/li>\n<\/ul>\n<p>\t\t\t\t\t<a href=\"https:\/\/www.facebook.com\/Les-gourmandises-dInes-2017614861818650\/\" target=\"_blank\" rel=\"noopener\"><br \/>\n\t\t\t\t\t\tFacebook<br \/>\n\t\t\t\t\t\t\t\t\t\t\t<\/a><br \/>\n\t\t\t\t\t<a href=\"https:\/\/www.instagram.com\/lesgourmandisesdines\/\" target=\"_blank\" rel=\"noopener\"><br \/>\n\t\t\t\t\t\tInstagram<br \/>\n\t\t\t\t\t\t\t\t\t\t\t<\/a><br \/>\n\t\t\t\t\t<a target=\"_blank\" rel=\"noopener\"><br \/>\n\t\t\t\t\t\tPinterest<br \/>\n\t\t\t\t\t\t\t\t\t\t\t<\/a><\/p>\n","protected":false},"excerpt":{"rendered":"<p>G\u00e2teaux orientaux kekaates msakrine 25$\/kg Tcharek msakar 25$\/kg Baklawa 25$\/kg Makrout 18$\/kg L&rsquo;\u00e9ventail 25$\/kg Arayaches 25$\/kg les cornets 22$\/kg Kefta 25$\/kg Mkhabez 22$\/kg Skandraniette 25$\/kg tcharek aryane 25$\/kg arayaches dor\u00e9s 25$\/kg Pr\u00eat \u00e0 commander! Si vous avez fait votre choix et \u00eates pr\u00eat \u00e0 commander, contactez nous par t\u00e9l\u00e9phone, ou courriel, ou bien cliquer sur &hellip;<\/p>\n<p class=\"read-more\"> <a class=\"\" href=\"https:\/\/fatimazmeftah.com\/inescuisine\/gateaux-orientaux\/\"> <span class=\"screen-reader-text\">G\u00e2teaux orientaux<\/span> Lire la suite\u00a0\u00bb<\/a><\/p>\n","protected":false},"author":1,"featured_media":0,"parent":0,"menu_order":0,"comment_status":"closed","ping_status":"closed","template":"","meta":{"footnotes":""},"class_list":["post-943","page","type-page","status-publish","hentry"],"jetpack_sharing_enabled":true,"_links":{"self":[{"href":"https:\/\/fatimazmeftah.com\/inescuisine\/wp-json\/wp\/v2\/pages\/943","targetHints":{"allow":["GET"]}}],"collection":[{"href":"https:\/\/fatimazmeftah.com\/inescuisine\/wp-json\/wp\/v2\/pages"}],"about":[{"href":"https:\/\/fatimazmeftah.com\/inescuisine\/wp-json\/wp\/v2\/types\/page"}],"author":[{"embeddable":true,"href":"https:\/\/fatimazmeftah.com\/inescuisine\/wp-json\/wp\/v2\/users\/1"}],"replies":[{"embeddable":true,"href":"https:\/\/fatimazmeftah.com\/inescuisine\/wp-json\/wp\/v2\/comments?post=943"}],"version-history":[{"count":5,"href":"https:\/\/fatimazmeftah.com\/inescuisine\/wp-json\/wp\/v2\/pages\/943\/revisions"}],"predecessor-version":[{"id":1341,"href":"https:\/\/fatimazmeftah.com\/inescuisine\/wp-json\/wp\/v2\/pages\/943\/revisions\/1341"}],"wp:attachment":[{"href":"https:\/\/fatimazmeftah.com\/inescuisine\/wp-json\/wp\/v2\/media?parent=943"}],"curies":[{"name":"wp","href":"https:\/\/api.w.org\/{rel}","templated":true}]}}